{"id":384,"date":"2024-07-02T07:04:16","date_gmt":"2024-07-02T05:04:16","guid":{"rendered":"http:\/\/libertas.razvija.se\/?page_id=384"},"modified":"2025-02-14T15:23:43","modified_gmt":"2025-02-14T14:23:43","slug":"informativa-sulla-privacy-e-protezione-dei-dati-personali","status":"publish","type":"page","link":"https:\/\/libertaskopercapodistria.si\/it\/informativa-sulla-privacy-e-protezione-dei-dati-personali\/","title":{"rendered":"Informativa sulla privacy"},"content":{"rendered":"\n<p>Siamo pienamente consapevoli dell\u2019importanza della protezione dei dati personali, in primo luogo perch\u00e9 li utilizziamo per fornire servizi e informazioni adeguate ai nostri utenti. Il regolamento generale sulla protezione dei dati (GDPR) adottato dall\u2019Unione europea stabilisce standard elevati che regolano le modalit\u00e0 di raccolta, archiviazione, accesso e la richiesta di cancellazione e molto altro. In conformit\u00e0 con la legge e alla nostra consapevolezza dell\u2019importanza di questa normativa, abbiamo predisposto alcuni chiarimenti riguardo la sicurezza delle vostre informazioni e dei vostri diritti in quanto proprietari di essi. Vi preghiamo pertanto di leggere attentamente questi chiarimenti prima di dare il consenso alla raccolta o al trattamento dei vostri dati personali.<\/p>\n\n\n\n<h3 class=\"wp-block-heading\">Cosa sono i dati personali<\/h3>\n\n\n\n<p>Sono definiti come dati personali tutte le informazioni relative a una determinata persona fisica, ovvero un individuo, indipendentemente dalla forma in cui sono espresse. In base a queste informazioni \u00e8 possibile identificare il vostro: nome, cognome, indirizzo di posta elettronica, ecc.<\/p>\n\n\n\n<p>Il titolare del trattamento dei dati personali per il sito web <a href=\"http:\/\/www.libertaskopercapodistria.si\">www.libertaskopercapodistria.si<\/a> \u00e8 il Comune citt\u00e0 di Capodistria, Via Giuseppe Verdi 10, 6000 Koper \u2013 Capodistria.<\/p>\n\n\n\n<h3 class=\"wp-block-heading\">Dove e per quanto tempo vengono conservati i vostri dati personali<\/h3>\n\n\n\n<p>I dati personali da voi forniti in formato digitale, vengono conservati sul server del provider che ospita il sito oppure presso le ditte che forniscono gli strumenti da noi utilizzati. Ad esempio, un provider di posta elettronica conserva i dati riguardanti i destinatari. I dati personali raccolti saranno conservati fino al momento in cui ci comunicherete di non acconsentire pi\u00f9 alla conservazione e al trattamento dei dati personali ovvero al massimo il tempo necessario per raggiungere lo scopo per il quale vengono elaborati o per soddisfare i requisiti di legge.<\/p>\n\n\n\n<h3 class=\"wp-block-heading\">Raccolta, trattamento e utilizzo dei dati personali<\/h3>\n\n\n\n<p>I vostri dati personali vengono raccolti, trattati e utilizzati esclusivamente per scopi definiti dalla legge e con il vostro esplicito consenso. I dati raccolti con il vostro consenso, sono in primo luogo destinati alla comunicazione e al miglioramento dei nostri servizi. Ci impegniamo a non inoltrare n\u00e9 cedere i vostri dati personali a terzi senza preavviso e senza aver ottenuto l\u2019esplicito consenso scritto da parte vostra.<\/p>\n\n\n\n<h3 class=\"wp-block-heading\">Revoca del consenso al trattamento dei dati personali<\/h3>\n\n\n\n<p>In qualunque momento avete il diritto di revocare il consenso al trattamento dei vostri dati personali. La revoca pu\u00f2 riguardare un singolo scopo o tutti gli scopi del trattamento ai quali avete acconsentito.<\/p>\n\n\n\n<p>La dichiarazione scritta di revoca al trattamento dei dati personali deve essere inviata all\u2019indirizzo Comune citt\u00e0 di Capodistria, Via Giuseppe Verdi 10, 6000 Koper \u2013 Capodistria oppure all\u2019indirizzo di posta elettronica&nbsp;<a href=\"mailto:varstvopodatkov@koper.si\">varstvopodatkov@koper.si<\/a><\/p>\n\n\n\n<p>Nel caso di revoca del consenso alla raccolta o al trattamento dei dati personali, tutti i dati personali raccolti, a cui si applicher\u00e0 la richiesta di cancellazione, saranno cancellati o esentati dal trattamento automatico.<\/p>\n\n\n\n<p>La revoca del consenso al trattamento dei dati personali non pregiudica la liceit\u00e0 del trattamento dei vostri dati personali fino alla revoca e all\u2019uso degli stessi a scopi definiti dalla legge.<\/p>\n\n\n\n<h3 class=\"wp-block-heading\">I vostri diritti nel trattamento dei dati personali<\/h3>\n\n\n\n<h4 class=\"wp-block-heading\">Diritto alla cancellazione e all\u2019oblio<\/h4>\n\n\n\n<p>In qualsiasi momento avete il diritto di richiedere al titolare del trattamento dei vostri dati personali la correzione ovvero l\u2019integrazione dei dati personali che vi riguardano.<\/p>\n\n\n\n<p>In qualsiasi momento avete il diritto alla presa visione dei vostri dati personali raccolti nonch\u00e9 alla loro cancellazione.<\/p>\n\n\n\n<p>\u00c8 nostro obbligo informarvi immediatamente sulla avvenuta correzione, integrazione o cancellazione dei vostri dati personali.<\/p>\n\n\n\n<h4 class=\"wp-block-heading\">Diritto al trattamento limitato dei dati personali<\/h4>\n\n\n\n<p>In qualsiasi momento avete il diritto di richiedere il trattamento limitato dei vostri dati personali nel caso di inesattezze, illegalit\u00e0, cessazione del fine del trattamento o ricorso.<\/p>\n\n\n\n<h4 class=\"wp-block-heading\">Diritto alla trasmissione dei vostri dati<\/h4>\n\n\n\n<p>In qualsiasi momento avete il diritto di richiedere i vostri dati personali da noi trattati.<\/p>\n\n\n\n<p>In qualsiasi momento avete il diritto di richiedere che i vostri dati personali da noi trattati siano inoltrati ad un altro titolare.<\/p>\n\n\n\n<h4 class=\"wp-block-heading\">Diritto al ricorso<\/h4>\n\n\n\n<p>Qualsiasi tipo di utilizzo dei vostri dati personali a scopo informativo o promozionale \u00e8 possibile solo con vostro esplicito consenso. Nel caso in cui, in base al vostro consenso, riceviate contenuti informativi o commerciali\/promozionali, potete richiedere, in qualsiasi momento, la cessazione del trattamento dei vostri dati a tale fine.<\/p>\n\n\n\n<h4 class=\"wp-block-heading\">Diritto all\u2019accesso ai vostri dati personali<\/h4>\n\n\n\n<p>In qualunque momento avete il diritto di richiedere informazioni sul trattamento dei vostri dati personali e all\u2019accesso ad essi nonch\u00e9 alle seguenti informazioni: il fine del trattamento, la tipologia dei dati personali, gli utenti con accesso ai dati, il periodo stimato di conservazione dei dati personali e la fonte di essi.<\/p>\n\n\n\n<h3 class=\"wp-block-heading\">Rischio nel trattamento dei dati personali<\/h3>\n\n\n\n<p>In caso di rischi alla protezione dei dati personali, informeremo l\u2019autorit\u00e0 competente senza indebito ritardo e non oltre 72 ore dopo l\u2019avvenuta notifica riguardo tali rischi.<\/p>\n\n\n\n<h3 class=\"wp-block-heading\">Informazioni importanti sul trattamento dei vostri dati personali<\/h3>\n\n\n\n<p>Ci impegniamo a trattare tutti i dati raccolti solamente nell\u2019ambito delle finalit\u00e0 di gestione elencate ovvero del trattamento dei dati personali, in conformit\u00e0 alla Legge sulla protezione dei dati personali e alle norme legislative settoriali pertinenti nonch\u00e9 in conformit\u00e0 al Regolamento EU 2016\/679 relativo alla protezione delle persone fisiche con riguardo al trattamento dei dati personali (GDPR).<\/p>\n\n\n\n<p><strong>Il titolare del trattamento dei vostri dati personali \u00e8 il Comune citt\u00e0 di Capodistria, Via Giuseppe Verdi 10 \u2013 Koper \u2013 Capodistria.<\/strong><\/p>\n\n\n\n<p>La persona autorizzata per la protezione dei vostri dati personali \u00e8 mag. Renata Zatler,&nbsp;<a href=\"https:\/\/www.credential.net\/48n7cf4t?key=a34478028ac3901bff900e3041f62c64f709fb607d75bd094fec36fca5551706\" target=\"_blank\" rel=\"noreferrer noopener\">CIPP\/E<\/a>&nbsp;(<a href=\"http:\/\/www.dataofficer.si\/\" target=\"_blank\" rel=\"noreferrer noopener\">www.dataofficer.si<\/a>). Contatti: 05\/664 62 45,&nbsp;<a href=\"mailto:varstvopodatkov@koper.si\">varstvopodatkov@koper.si<\/a>.<\/p>\n","protected":false},"excerpt":{"rendered":"<p>Siamo pienamente consapevoli dell\u2019importanza della protezione dei dati personali, in primo luogo perch\u00e9 li utilizziamo per fornire servizi e informazioni adeguate ai nostri utenti. Il regolamento generale sulla protezione dei dati (GDPR) adottato dall\u2019Unione europea stabilisce standard elevati che regolano le modalit\u00e0 di raccolta, archiviazione, accesso e la richiesta di cancellazione e molto altro. In [&hellip;]<\/p>\n","protected":false},"author":2,"featured_media":0,"parent":0,"menu_order":0,"comment_status":"closed","ping_status":"closed","template":"","meta":{"_acf_changed":false,"footnotes":""},"class_list":["post-384","page","type-page","status-publish","hentry"],"acf":[],"_links":{"self":[{"href":"https:\/\/libertaskopercapodistria.si\/it\/wp-json\/wp\/v2\/pages\/384","targetHints":{"allow":["GET"]}}],"collection":[{"href":"https:\/\/libertaskopercapodistria.si\/it\/wp-json\/wp\/v2\/pages"}],"about":[{"href":"https:\/\/libertaskopercapodistria.si\/it\/wp-json\/wp\/v2\/types\/page"}],"author":[{"embeddable":true,"href":"https:\/\/libertaskopercapodistria.si\/it\/wp-json\/wp\/v2\/users\/2"}],"replies":[{"embeddable":true,"href":"https:\/\/libertaskopercapodistria.si\/it\/wp-json\/wp\/v2\/comments?post=384"}],"version-history":[{"count":3,"href":"https:\/\/libertaskopercapodistria.si\/it\/wp-json\/wp\/v2\/pages\/384\/revisions"}],"predecessor-version":[{"id":444,"href":"https:\/\/libertaskopercapodistria.si\/it\/wp-json\/wp\/v2\/pages\/384\/revisions\/444"}],"wp:attachment":[{"href":"https:\/\/libertaskopercapodistria.si\/it\/wp-json\/wp\/v2\/media?parent=384"}],"curies":[{"name":"wp","href":"https:\/\/api.w.org\/{rel}","templated":true}]}}